{"id":10,"date":"2014-01-02T16:13:19","date_gmt":"2014-01-02T15:13:19","guid":{"rendered":"http:\/\/mycolacote.ch\/?page_id=10"},"modified":"2026-03-04T14:53:45","modified_gmt":"2026-03-04T13:53:45","slug":"galerie","status":"publish","type":"page","link":"https:\/\/mycolacote.ch\/?page_id=10","title":{"rendered":"Galerie"},"content":{"rendered":"<div class=\"wpb-content-wrapper\">[vc_row row_type=\u00a0\u00bbrow\u00a0\u00bb text_align=\u00a0\u00bbleft\u00a0\u00bb css_animation=\u00a0\u00bb\u00a0\u00bb][vc_column][vc_column_text css=\u00a0\u00bb\u00a0\u00bb]<a href=\"http:\/\/mycolacote.ch\/wp-content\/uploads\/2026\/03\/DSC_0012-scaled.jpg\"><img loading=\"lazy\" decoding=\"async\" class=\"alignnone size-large wp-image-8755\" src=\"http:\/\/mycolacote.ch\/wp-content\/uploads\/2026\/03\/DSC_0012-1024x680.jpg\" alt=\"\" width=\"1024\" height=\"680\" srcset=\"https:\/\/mycolacote.ch\/wp-content\/uploads\/2026\/03\/DSC_0012-1024x680.jpg 1024w, https:\/\/mycolacote.ch\/wp-content\/uploads\/2026\/03\/DSC_0012-300x199.jpg 300w, https:\/\/mycolacote.ch\/wp-content\/uploads\/2026\/03\/DSC_0012-768x510.jpg 768w, https:\/\/mycolacote.ch\/wp-content\/uploads\/2026\/03\/DSC_0012-1536x1020.jpg 1536w, https:\/\/mycolacote.ch\/wp-content\/uploads\/2026\/03\/DSC_0012-2048x1360.jpg 2048w, https:\/\/mycolacote.ch\/wp-content\/uploads\/2026\/03\/DSC_0012-480x320.jpg 480w\" sizes=\"auto, (max-width: 1024px) 100vw, 1024px\" \/><\/a>[\/vc_column_text][vc_column_text]\n<p><a href=\"http:\/\/mycolacote.ch\/wp-content\/uploads\/2014\/01\/DSC_00221.jpg\"><img loading=\"lazy\" decoding=\"async\" class=\"alignnone size-large wp-image-8735\" src=\"http:\/\/mycolacote.ch\/wp-content\/uploads\/2014\/01\/DSC_00221-1024x680.jpg\" alt=\"DSC_0022\" width=\"1024\" height=\"680\" srcset=\"https:\/\/mycolacote.ch\/wp-content\/uploads\/2014\/01\/DSC_00221-1024x680.jpg 1024w, https:\/\/mycolacote.ch\/wp-content\/uploads\/2014\/01\/DSC_00221-300x199.jpg 300w, https:\/\/mycolacote.ch\/wp-content\/uploads\/2014\/01\/DSC_00221-480x320.jpg 480w\" sizes=\"auto, (max-width: 1024px) 100vw, 1024px\" \/><\/a><\/p>\n<div id=\"attachment_7532\" style=\"width: 1034px\" class=\"wp-caption alignnone\"><a href=\"http:\/\/mycolacote.ch\/wp-content\/uploads\/2014\/01\/Derni\u00e8re-s\u00e9ance-myco-du-lundi-27-juin-2016.jpg\"><img loading=\"lazy\" decoding=\"async\" aria-describedby=\"caption-attachment-7532\" class=\"size-full wp-image-7532\" src=\"http:\/\/mycolacote.ch\/wp-content\/uploads\/2014\/01\/Derni\u00e8re-s\u00e9ance-myco-du-lundi-27-juin-2016.jpg\" alt=\"Derni\u00e8re myco du lundi chez Dolores - 27 juin 2016\" width=\"1024\" height=\"768\" srcset=\"https:\/\/mycolacote.ch\/wp-content\/uploads\/2014\/01\/Derni\u00e8re-s\u00e9ance-myco-du-lundi-27-juin-2016.jpg 1024w, https:\/\/mycolacote.ch\/wp-content\/uploads\/2014\/01\/Derni\u00e8re-s\u00e9ance-myco-du-lundi-27-juin-2016-300x225.jpg 300w\" sizes=\"auto, (max-width: 1024px) 100vw, 1024px\" \/><\/a><p id=\"caption-attachment-7532\" class=\"wp-caption-text\">Derni\u00e8re myco du lundi chez Dolores &#8211; 27 juin 2016<\/p><\/div>\n<p><a href=\"http:\/\/mycolacote.ch\/wp-content\/uploads\/2014\/01\/DSCN0926.jpg\"><img loading=\"lazy\" decoding=\"async\" class=\"alignnone size-large wp-image-7547\" src=\"http:\/\/mycolacote.ch\/wp-content\/uploads\/2014\/01\/DSCN0926-1024x768.jpg\" alt=\"DSCN0926\" width=\"1024\" height=\"768\" srcset=\"https:\/\/mycolacote.ch\/wp-content\/uploads\/2014\/01\/DSCN0926-1024x768.jpg 1024w, https:\/\/mycolacote.ch\/wp-content\/uploads\/2014\/01\/DSCN0926-300x225.jpg 300w, https:\/\/mycolacote.ch\/wp-content\/uploads\/2014\/01\/DSCN0926.jpg 2048w\" sizes=\"auto, (max-width: 1024px) 100vw, 1024px\" \/><\/a><\/p>\n<div id=\"attachment_7497\" style=\"width: 1034px\" class=\"wp-caption alignnone\"><a href=\"http:\/\/mycolacote.ch\/wp-content\/uploads\/2014\/01\/Sortie-du-7.11.15-.jpg\"><img loading=\"lazy\" decoding=\"async\" aria-describedby=\"caption-attachment-7497\" class=\"size-large wp-image-7497\" src=\"http:\/\/mycolacote.ch\/wp-content\/uploads\/2014\/01\/Sortie-du-7.11.15--1024x724.jpg\" alt=\"Refuge communal de Gland - 7.11.2015 \" width=\"1024\" height=\"724\" srcset=\"https:\/\/mycolacote.ch\/wp-content\/uploads\/2014\/01\/Sortie-du-7.11.15--1024x724.jpg 1024w, https:\/\/mycolacote.ch\/wp-content\/uploads\/2014\/01\/Sortie-du-7.11.15--300x212.jpg 300w\" sizes=\"auto, (max-width: 1024px) 100vw, 1024px\" \/><\/a><p id=\"caption-attachment-7497\" class=\"wp-caption-text\">Refuge communal de Gland &#8211; 7.11.2015<\/p><\/div>\n<p style=\"text-align: left;\"><a href=\"http:\/\/mycolacote.ch\/wp-content\/uploads\/2014\/01\/Sortie-au-Bois-de-Ch\u00eanes-7.5.2106.jpg\"><img loading=\"lazy\" decoding=\"async\" class=\"alignnone size-large wp-image-7519\" src=\"http:\/\/mycolacote.ch\/wp-content\/uploads\/2014\/01\/Sortie-au-Bois-de-Ch\u00eanes-7.5.2106-1024x680.jpg\" alt=\"Sortie au Bois de Ch\u00eanes - 7.5.2106\" width=\"1024\" height=\"680\" srcset=\"https:\/\/mycolacote.ch\/wp-content\/uploads\/2014\/01\/Sortie-au-Bois-de-Ch\u00eanes-7.5.2106-1024x680.jpg 1024w, https:\/\/mycolacote.ch\/wp-content\/uploads\/2014\/01\/Sortie-au-Bois-de-Ch\u00eanes-7.5.2106-300x199.jpg 300w, https:\/\/mycolacote.ch\/wp-content\/uploads\/2014\/01\/Sortie-au-Bois-de-Ch\u00eanes-7.5.2106-480x320.jpg 480w\" sizes=\"auto, (max-width: 1024px) 100vw, 1024px\" \/><\/a><\/p>\n<p><a href=\"http:\/\/mycolacote.ch\/wp-content\/uploads\/2014\/01\/2015-06-20-13.17.13.jpg\"><img loading=\"lazy\" decoding=\"async\" class=\"size-large wp-image-7485\" src=\"http:\/\/mycolacote.ch\/wp-content\/uploads\/2014\/01\/2015-06-20-13.17.13-1024x680.jpg\" alt=\"Journ\u00e9e du printemps de l'UVSM \u00e0 Belmont-sur-Yverdon, le 20 juin 2015\" width=\"1024\" height=\"680\" srcset=\"https:\/\/mycolacote.ch\/wp-content\/uploads\/2014\/01\/2015-06-20-13.17.13-1024x680.jpg 1024w, https:\/\/mycolacote.ch\/wp-content\/uploads\/2014\/01\/2015-06-20-13.17.13-300x199.jpg 300w, https:\/\/mycolacote.ch\/wp-content\/uploads\/2014\/01\/2015-06-20-13.17.13-480x320.jpg 480w\" sizes=\"auto, (max-width: 1024px) 100vw, 1024px\" \/><\/a><\/p>\n<p style=\"text-align: center;\">Journ\u00e9e du printemps de l&rsquo;UVSM \u00e0 Belmont-sur-Yverdon &#8211; 20 juin 2015<\/p>\n<p style=\"text-align: left;\"><a href=\"http:\/\/mycolacote.ch\/wp-content\/uploads\/2014\/01\/La-C\u00f4te-\u00e0-Lignerolle-.jpg\"><img loading=\"lazy\" decoding=\"async\" class=\"size-large wp-image-7478\" src=\"http:\/\/mycolacote.ch\/wp-content\/uploads\/2014\/01\/La-C\u00f4te-\u00e0-Lignerolle--1024x680.jpg\" alt=\"La myco dans la for\u00eat de Chassagne pr\u00e8s de Lignerolle. 2 mai 2015\" width=\"1024\" height=\"680\" srcset=\"https:\/\/mycolacote.ch\/wp-content\/uploads\/2014\/01\/La-C\u00f4te-\u00e0-Lignerolle--1024x680.jpg 1024w, https:\/\/mycolacote.ch\/wp-content\/uploads\/2014\/01\/La-C\u00f4te-\u00e0-Lignerolle--300x199.jpg 300w, https:\/\/mycolacote.ch\/wp-content\/uploads\/2014\/01\/La-C\u00f4te-\u00e0-Lignerolle--480x320.jpg 480w\" sizes=\"auto, (max-width: 1024px) 100vw, 1024px\" \/><\/a><\/p>\n<p>La myco dans la for\u00eat de Chassagne pr\u00e8s de Lignerolle &#8211; 2 mai 2015<span class=\"Apple-style-span\" style=\"font-size: 14px; line-height: 21px; font-weight: normal;\">\u00a0<\/span><\/p>\n<p style=\"text-align: left;\">\u00a0<a href=\"http:\/\/mycolacote.ch\/wp-content\/uploads\/2014\/01\/F\u00eate-de-la-nature-30-mai-2015-Les-Inversins-.jpg\"><img loading=\"lazy\" decoding=\"async\" class=\"size-large wp-image-7481\" src=\"http:\/\/mycolacote.ch\/wp-content\/uploads\/2014\/01\/F\u00eate-de-la-nature-30-mai-2015-Les-Inversins--1024x680.jpg\" alt=\"F\u00eate de la nature - 30 mai 2015 - Aire de la zone humide des Inversins, au-dessus de Burtigny\" width=\"1024\" height=\"680\" srcset=\"https:\/\/mycolacote.ch\/wp-content\/uploads\/2014\/01\/F\u00eate-de-la-nature-30-mai-2015-Les-Inversins--1024x680.jpg 1024w, https:\/\/mycolacote.ch\/wp-content\/uploads\/2014\/01\/F\u00eate-de-la-nature-30-mai-2015-Les-Inversins--300x199.jpg 300w, https:\/\/mycolacote.ch\/wp-content\/uploads\/2014\/01\/F\u00eate-de-la-nature-30-mai-2015-Les-Inversins--480x320.jpg 480w\" sizes=\"auto, (max-width: 1024px) 100vw, 1024px\" \/><\/a><\/p>\n<p>F\u00eate de la nature &#8211; 30 mai 2015 &#8211; Aire de la zone humide des Inversins, au-dessus de Burtigny<a href=\"http:\/\/mycolacote.ch\/wp-content\/uploads\/2014\/01\/DSC_0018.jpg\"><img loading=\"lazy\" decoding=\"async\" class=\"size-large wp-image-7493 alignnone\" src=\"http:\/\/mycolacote.ch\/wp-content\/uploads\/2014\/01\/DSC_0018-1024x680.jpg\" alt=\"Sortie Pr\u00e9vondavaux du 12 septembre 2015 avec nos amis de la SMG\" width=\"1024\" height=\"680\" srcset=\"https:\/\/mycolacote.ch\/wp-content\/uploads\/2014\/01\/DSC_0018-1024x680.jpg 1024w, https:\/\/mycolacote.ch\/wp-content\/uploads\/2014\/01\/DSC_0018-300x199.jpg 300w, https:\/\/mycolacote.ch\/wp-content\/uploads\/2014\/01\/DSC_0018-480x320.jpg 480w\" sizes=\"auto, (max-width: 1024px) 100vw, 1024px\" \/><\/a><\/p>\n[\/vc_column_text][\/vc_column][\/vc_row]\n<\/div>","protected":false},"excerpt":{"rendered":"<p>[vc_row row_type=\u00a0\u00bbrow\u00a0\u00bb text_align=\u00a0\u00bbleft\u00a0\u00bb css_animation=\u00a0\u00bb\u00a0\u00bb][vc_column][vc_column_text css=\u00a0\u00bb\u00a0\u00bb][\/vc_column_text][vc_column_text] Journ\u00e9e du printemps de l&rsquo;UVSM \u00e0 Belmont-sur-Yverdon &#8211; 20 juin 2015 La myco dans la for\u00eat de Chassagne pr\u00e8s de Lignerolle &#8211; 2 mai 2015\u00a0 \u00a0 F\u00eate de la nature &#8211; 30 mai 2015 &#8211; Aire de la zone humide&#8230;<\/p>\n","protected":false},"author":1,"featured_media":0,"parent":0,"menu_order":1,"comment_status":"open","ping_status":"open","template":"","meta":{"footnotes":""},"class_list":["post-10","page","type-page","status-publish","hentry"],"yoast_head":"<!-- This site is optimized with the Yoast SEO plugin v26.9 - https:\/\/yoast.com\/product\/yoast-seo-wordpress\/ -->\n<title>Galerie - MycoLaCote<\/title>\n<meta name=\"robots\" content=\"index, follow, max-snippet:-1, max-image-preview:large, max-video-preview:-1\" \/>\n<link rel=\"canonical\" href=\"http:\/\/mycolacote.ch\/?page_id=10\" \/>\n<meta property=\"og:locale\" content=\"fr_FR\" \/>\n<meta property=\"og:type\" content=\"article\" \/>\n<meta property=\"og:title\" content=\"Galerie - MycoLaCote\" \/>\n<meta property=\"og:description\" content=\"[vc_row row_type=\u00a0\u00bbrow\u00a0\u00bb text_align=\u00a0\u00bbleft\u00a0\u00bb css_animation=\u00a0\u00bb\u00a0\u00bb][vc_column][vc_column_text css=\u00a0\u00bb\u00a0\u00bb][\/vc_column_text][vc_column_text] Journ\u00e9e du printemps de l&rsquo;UVSM \u00e0 Belmont-sur-Yverdon &#8211; 20 juin 2015 La myco dans la for\u00eat de Chassagne pr\u00e8s de Lignerolle &#8211; 2 mai 2015\u00a0 \u00a0 F\u00eate de la nature &#8211; 30 mai 2015 &#8211; Aire de la zone humide...\" \/>\n<meta property=\"og:url\" content=\"http:\/\/mycolacote.ch\/?page_id=10\" \/>\n<meta property=\"og:site_name\" content=\"MycoLaCote\" \/>\n<meta property=\"article:modified_time\" content=\"2026-03-04T13:53:45+00:00\" \/>\n<meta property=\"og:image\" content=\"https:\/\/mycolacote.ch\/wp-content\/uploads\/2026\/03\/DSC_0012-scaled.jpg\" \/>\n\t<meta property=\"og:image:width\" content=\"2560\" \/>\n\t<meta property=\"og:image:height\" content=\"1700\" \/>\n\t<meta property=\"og:image:type\" content=\"image\/jpeg\" \/>\n<meta name=\"twitter:card\" content=\"summary_large_image\" \/>\n<meta name=\"twitter:label1\" content=\"Dur\u00e9e de lecture estim\u00e9e\" \/>\n\t<meta name=\"twitter:data1\" content=\"3 minutes\" \/>\n<script type=\"application\/ld+json\" class=\"yoast-schema-graph\">{\"@context\":\"https:\/\/schema.org\",\"@graph\":[{\"@type\":\"WebPage\",\"@id\":\"http:\/\/mycolacote.ch\/?page_id=10\",\"url\":\"http:\/\/mycolacote.ch\/?page_id=10\",\"name\":\"Galerie - MycoLaCote\",\"isPartOf\":{\"@id\":\"https:\/\/mycolacote.ch\/#website\"},\"primaryImageOfPage\":{\"@id\":\"http:\/\/mycolacote.ch\/?page_id=10#primaryimage\"},\"image\":{\"@id\":\"http:\/\/mycolacote.ch\/?page_id=10#primaryimage\"},\"thumbnailUrl\":\"http:\/\/mycolacote.ch\/wp-content\/uploads\/2026\/03\/DSC_0012-1024x680.jpg\",\"datePublished\":\"2014-01-02T15:13:19+00:00\",\"dateModified\":\"2026-03-04T13:53:45+00:00\",\"breadcrumb\":{\"@id\":\"http:\/\/mycolacote.ch\/?page_id=10#breadcrumb\"},\"inLanguage\":\"fr-FR\",\"potentialAction\":[{\"@type\":\"ReadAction\",\"target\":[\"http:\/\/mycolacote.ch\/?page_id=10\"]}]},{\"@type\":\"ImageObject\",\"inLanguage\":\"fr-FR\",\"@id\":\"http:\/\/mycolacote.ch\/?page_id=10#primaryimage\",\"url\":\"https:\/\/mycolacote.ch\/wp-content\/uploads\/2026\/03\/DSC_0012-scaled.jpg\",\"contentUrl\":\"https:\/\/mycolacote.ch\/wp-content\/uploads\/2026\/03\/DSC_0012-scaled.jpg\",\"width\":2560,\"height\":1700},{\"@type\":\"BreadcrumbList\",\"@id\":\"http:\/\/mycolacote.ch\/?page_id=10#breadcrumb\",\"itemListElement\":[{\"@type\":\"ListItem\",\"position\":1,\"name\":\"Home\",\"item\":\"https:\/\/mycolacote.ch\/\"},{\"@type\":\"ListItem\",\"position\":2,\"name\":\"Galerie\"}]},{\"@type\":\"WebSite\",\"@id\":\"https:\/\/mycolacote.ch\/#website\",\"url\":\"https:\/\/mycolacote.ch\/\",\"name\":\"Myco La Cote\",\"description\":\"Soci\u00e9t\u00e9 Mycologique de La C\u00f4te - Suisse\",\"publisher\":{\"@id\":\"https:\/\/mycolacote.ch\/#organization\"},\"potentialAction\":[{\"@type\":\"SearchAction\",\"target\":{\"@type\":\"EntryPoint\",\"urlTemplate\":\"https:\/\/mycolacote.ch\/?s={search_term_string}\"},\"query-input\":{\"@type\":\"PropertyValueSpecification\",\"valueRequired\":true,\"valueName\":\"search_term_string\"}}],\"inLanguage\":\"fr-FR\"},{\"@type\":\"Organization\",\"@id\":\"https:\/\/mycolacote.ch\/#organization\",\"name\":\"Soci\u00e9t\u00e9 Mycologique de la Cote\",\"url\":\"https:\/\/mycolacote.ch\/\",\"logo\":{\"@type\":\"ImageObject\",\"inLanguage\":\"fr-FR\",\"@id\":\"https:\/\/mycolacote.ch\/#\/schema\/logo\/image\/\",\"url\":\"https:\/\/mycolacote.ch\/wp-content\/uploads\/2026\/02\/MycoLaCote-logo_black.png\",\"contentUrl\":\"https:\/\/mycolacote.ch\/wp-content\/uploads\/2026\/02\/MycoLaCote-logo_black.png\",\"width\":444,\"height\":137,\"caption\":\"Soci\u00e9t\u00e9 Mycologique de la Cote\"},\"image\":{\"@id\":\"https:\/\/mycolacote.ch\/#\/schema\/logo\/image\/\"}}]}<\/script>\n<!-- \/ Yoast SEO plugin. -->","yoast_head_json":{"title":"Galerie - MycoLaCote","robots":{"index":"index","follow":"follow","max-snippet":"max-snippet:-1","max-image-preview":"max-image-preview:large","max-video-preview":"max-video-preview:-1"},"canonical":"http:\/\/mycolacote.ch\/?page_id=10","og_locale":"fr_FR","og_type":"article","og_title":"Galerie - MycoLaCote","og_description":"[vc_row row_type=\u00a0\u00bbrow\u00a0\u00bb text_align=\u00a0\u00bbleft\u00a0\u00bb css_animation=\u00a0\u00bb\u00a0\u00bb][vc_column][vc_column_text css=\u00a0\u00bb\u00a0\u00bb][\/vc_column_text][vc_column_text] Journ\u00e9e du printemps de l&rsquo;UVSM \u00e0 Belmont-sur-Yverdon &#8211; 20 juin 2015 La myco dans la for\u00eat de Chassagne pr\u00e8s de Lignerolle &#8211; 2 mai 2015\u00a0 \u00a0 F\u00eate de la nature &#8211; 30 mai 2015 &#8211; Aire de la zone humide...","og_url":"http:\/\/mycolacote.ch\/?page_id=10","og_site_name":"MycoLaCote","article_modified_time":"2026-03-04T13:53:45+00:00","og_image":[{"width":2560,"height":1700,"url":"https:\/\/mycolacote.ch\/wp-content\/uploads\/2026\/03\/DSC_0012-scaled.jpg","type":"image\/jpeg"}],"twitter_card":"summary_large_image","twitter_misc":{"Dur\u00e9e de lecture estim\u00e9e":"3 minutes"},"schema":{"@context":"https:\/\/schema.org","@graph":[{"@type":"WebPage","@id":"http:\/\/mycolacote.ch\/?page_id=10","url":"http:\/\/mycolacote.ch\/?page_id=10","name":"Galerie - MycoLaCote","isPartOf":{"@id":"https:\/\/mycolacote.ch\/#website"},"primaryImageOfPage":{"@id":"http:\/\/mycolacote.ch\/?page_id=10#primaryimage"},"image":{"@id":"http:\/\/mycolacote.ch\/?page_id=10#primaryimage"},"thumbnailUrl":"http:\/\/mycolacote.ch\/wp-content\/uploads\/2026\/03\/DSC_0012-1024x680.jpg","datePublished":"2014-01-02T15:13:19+00:00","dateModified":"2026-03-04T13:53:45+00:00","breadcrumb":{"@id":"http:\/\/mycolacote.ch\/?page_id=10#breadcrumb"},"inLanguage":"fr-FR","potentialAction":[{"@type":"ReadAction","target":["http:\/\/mycolacote.ch\/?page_id=10"]}]},{"@type":"ImageObject","inLanguage":"fr-FR","@id":"http:\/\/mycolacote.ch\/?page_id=10#primaryimage","url":"https:\/\/mycolacote.ch\/wp-content\/uploads\/2026\/03\/DSC_0012-scaled.jpg","contentUrl":"https:\/\/mycolacote.ch\/wp-content\/uploads\/2026\/03\/DSC_0012-scaled.jpg","width":2560,"height":1700},{"@type":"BreadcrumbList","@id":"http:\/\/mycolacote.ch\/?page_id=10#breadcrumb","itemListElement":[{"@type":"ListItem","position":1,"name":"Home","item":"https:\/\/mycolacote.ch\/"},{"@type":"ListItem","position":2,"name":"Galerie"}]},{"@type":"WebSite","@id":"https:\/\/mycolacote.ch\/#website","url":"https:\/\/mycolacote.ch\/","name":"Myco La Cote","description":"Soci\u00e9t\u00e9 Mycologique de La C\u00f4te - Suisse","publisher":{"@id":"https:\/\/mycolacote.ch\/#organization"},"potentialAction":[{"@type":"SearchAction","target":{"@type":"EntryPoint","urlTemplate":"https:\/\/mycolacote.ch\/?s={search_term_string}"},"query-input":{"@type":"PropertyValueSpecification","valueRequired":true,"valueName":"search_term_string"}}],"inLanguage":"fr-FR"},{"@type":"Organization","@id":"https:\/\/mycolacote.ch\/#organization","name":"Soci\u00e9t\u00e9 Mycologique de la Cote","url":"https:\/\/mycolacote.ch\/","logo":{"@type":"ImageObject","inLanguage":"fr-FR","@id":"https:\/\/mycolacote.ch\/#\/schema\/logo\/image\/","url":"https:\/\/mycolacote.ch\/wp-content\/uploads\/2026\/02\/MycoLaCote-logo_black.png","contentUrl":"https:\/\/mycolacote.ch\/wp-content\/uploads\/2026\/02\/MycoLaCote-logo_black.png","width":444,"height":137,"caption":"Soci\u00e9t\u00e9 Mycologique de la Cote"},"image":{"@id":"https:\/\/mycolacote.ch\/#\/schema\/logo\/image\/"}}]}},"_links":{"self":[{"href":"https:\/\/mycolacote.ch\/index.php?rest_route=\/wp\/v2\/pages\/10","targetHints":{"allow":["GET"]}}],"collection":[{"href":"https:\/\/mycolacote.ch\/index.php?rest_route=\/wp\/v2\/pages"}],"about":[{"href":"https:\/\/mycolacote.ch\/index.php?rest_route=\/wp\/v2\/types\/page"}],"author":[{"embeddable":true,"href":"https:\/\/mycolacote.ch\/index.php?rest_route=\/wp\/v2\/users\/1"}],"replies":[{"embeddable":true,"href":"https:\/\/mycolacote.ch\/index.php?rest_route=%2Fwp%2Fv2%2Fcomments&post=10"}],"version-history":[{"count":184,"href":"https:\/\/mycolacote.ch\/index.php?rest_route=\/wp\/v2\/pages\/10\/revisions"}],"predecessor-version":[{"id":8757,"href":"https:\/\/mycolacote.ch\/index.php?rest_route=\/wp\/v2\/pages\/10\/revisions\/8757"}],"wp:attachment":[{"href":"https:\/\/mycolacote.ch\/index.php?rest_route=%2Fwp%2Fv2%2Fmedia&parent=10"}],"curies":[{"name":"wp","href":"https:\/\/api.w.org\/{rel}","templated":true}]}}