{"id":14,"date":"2014-01-02T16:13:51","date_gmt":"2014-01-02T15:13:51","guid":{"rendered":"http:\/\/mycolacote.ch\/?page_id=14"},"modified":"2026-01-28T16:12:02","modified_gmt":"2026-01-28T15:12:02","slug":"liens","status":"publish","type":"page","link":"https:\/\/mycolacote.ch\/?page_id=14","title":{"rendered":"Liens"},"content":{"rendered":"<div class=\"wpb-content-wrapper\"><p><span style=\"text-decoration: underline;\"><span style=\"color: #0000ff; text-decoration: underline;\"><strong>[vc_row][vc_column][vc_column_text]<\/strong><\/span><\/span><\/p>\n<style type=\"text\/css\"><!--\np { margin-bottom: 0.21cm; }a:link {  }\n--><\/style>\n<style type=\"text\/css\"><!--\np { margin-bottom: 0.21cm; }a:link {  }\n--><\/style>\n<style type=\"text\/css\"><!--\np { margin-bottom: 0.21cm; }a:link {  }\n--><\/style>\n<style type=\"text\/css\"><!--\np { margin-bottom: 0.21cm; }a:link {  }\n--><\/style>\n<p style=\"text-align: left;\"><span style=\"color: #333333;\"><strong><span style=\"text-decoration: underline;\"><span style=\"font-family: Helvetica,Arial,sans-serif;\">Soci\u00e9t\u00e9 mycologique vaudoise, Lausanne<\/span><\/span><\/strong><\/span><br \/>\n<span style=\"color: #333333;\"> <strong><span style=\"text-decoration: underline;\"><a href=\"http:\/\/www.myco-vaud.ch\/\" target=\"_blank\" rel=\"noopener\"><span style=\"font-family: Helvetica, Arial, sans-serif; text-decoration: underline; color: #333333;\">http:\/\/www.myco-vaud.ch\/<\/span><\/a><\/span><\/strong><\/span><br \/>\n<span style=\"color: #333333;\"> <strong><span style=\"text-decoration: underline;\">\u00a0<\/span><\/strong><\/span><br \/>\n<span style=\"color: #333333;\"> <strong><span style=\"text-decoration: underline;\"><span style=\"font-family: Helvetica,Arial,sans-serif;\">Soci\u00e9t\u00e9 mycologique du Jorat<\/span><\/span><\/strong><\/span><br \/>\n<span style=\"color: #333333;\"> <strong><span style=\"text-decoration: underline;\"><a href=\"http:\/\/www.myco-du-jorat.ch\/home\" target=\"_blank\" rel=\"noopener\"><span style=\"font-family: Helvetica, Arial, sans-serif; text-decoration: underline; color: #333333;\">http:\/\/www.myco-du-jorat.ch\/home<\/span><\/a><\/span><\/strong><\/span><br \/>\n<span style=\"color: #333333;\"> <strong><span style=\"text-decoration: underline;\">\u00a0<\/span><\/strong><\/span><br \/>\n<span style=\"color: #333333;\"> <strong><span style=\"text-decoration: underline;\"><span style=\"font-family: Helvetica,Arial,sans-serif;\">Soci\u00e9t\u00e9 mycologique du Nord Vaudois, Yverdon<\/span><\/span><\/strong><\/span><br \/>\n<span style=\"color: #333333;\"> <strong><span style=\"text-decoration: underline;\"><a href=\"http:\/\/www.smnv.ch\/\" target=\"_blank\" rel=\"noopener\"><span style=\"font-family: Helvetica, Arial, sans-serif; text-decoration: underline; color: #333333;\">http:\/\/www.smnv.ch\/<\/span><\/a><\/span><\/strong><\/span><br \/>\n<span style=\"color: #333333;\"> <strong><span style=\"text-decoration: underline;\">\u00a0<\/span><\/strong><\/span><br \/>\n<span style=\"color: #333333;\"> <strong><span style=\"text-decoration: underline;\"><span style=\"font-family: Helvetica,Arial,sans-serif;\">Soci\u00e9t\u00e9 mycologique La Chanterelle, Ville-la-Grand (France)<\/span><\/span><\/strong><\/span><br \/>\n<span style=\"color: #333333;\"> <strong><span style=\"text-decoration: underline;\"><a href=\"http:\/\/www.francini-mycologie.fr\/index.html\" target=\"_blank\" rel=\"noopener\"><span style=\"font-family: Helvetica, Arial, sans-serif; text-decoration: underline; color: #333333;\">http:\/\/www.francini-mycologie.fr\/index.html<\/span><\/a><\/span><\/strong><\/span><br \/>\n<span style=\"color: #333333;\"> <strong><span style=\"text-decoration: underline;\">\u00a0<\/span><\/strong><\/span><br \/>\n<span style=\"color: #333333;\"> <strong><span style=\"text-decoration: underline;\"><span style=\"font-family: Helvetica,Arial,sans-serif;\">Soci\u00e9t\u00e9 mycologique des montagnes neuchateloises<\/span><\/span><\/strong><\/span><br \/>\n<span style=\"color: #333333;\"> <strong><span style=\"text-decoration: underline;\"><a href=\"http:\/\/www.smmn.ch\/index.html\" target=\"_blank\" rel=\"noopener\"><span style=\"font-family: Helvetica, Arial, sans-serif; text-decoration: underline; color: #333333;\">http:\/\/www.smmn.ch\/index.html<\/span><\/a><\/span><\/strong><\/span><br \/>\n<span style=\"color: #333333;\"> <strong><span style=\"text-decoration: underline;\">\u00a0<\/span><\/strong><\/span><br \/>\n<span style=\"color: #333333;\"> <strong><span style=\"text-decoration: underline;\"><span style=\"font-family: Helvetica,Arial,sans-serif;\">Union suisse des soci\u00e9t\u00e9s mycologiques<\/span><\/span><\/strong><\/span><br \/>\n<span style=\"color: #333333;\"> <strong><span style=\"text-decoration: underline;\"><a href=\"http:\/\/www.vsvp.com\/fra\/ussm\/index.html\" target=\"_blank\" rel=\"noopener\"><span style=\"font-family: Helvetica, Arial, sans-serif; text-decoration: underline; color: #333333;\">http:\/\/www.vsvp.com\/fra\/ussm\/index.html<\/span><\/a><\/span><\/strong><\/span><br \/>\n<span style=\"color: #333333;\"> <strong><span style=\"text-decoration: underline;\">\u00a0<\/span><\/strong><\/span><br \/>\n<span style=\"color: #333333;\"> <strong><span style=\"text-decoration: underline;\"><span style=\"font-family: Helvetica,Arial,sans-serif;\">Association Cantonale Valaisanne de Mycologie<\/span><\/span><\/strong><\/span><br \/>\n<span style=\"color: #333333;\"> <strong><span style=\"text-decoration: underline;\"><a href=\"http:\/\/www.champi-net.ch\/\" target=\"_blank\" rel=\"noopener\"><span style=\"font-family: Helvetica, Arial, sans-serif; text-decoration: underline; color: #333333;\">http:\/\/www.champi-net.ch\/<\/span><\/a><\/span><\/strong><\/span><br \/>\n<span style=\"color: #333333;\"> <strong><span style=\"text-decoration: underline;\">\u00a0<\/span><\/strong><\/span><br \/>\n<span style=\"color: #333333;\"> <strong><span style=\"text-decoration: underline;\"><span style=\"font-family: Helvetica,Arial,sans-serif;\">Soci\u00e9t\u00e9 de mycologie Bulle<\/span><\/span><\/strong><\/span><br \/>\n<span style=\"color: #333333;\"> <strong><span style=\"text-decoration: underline;\"><a href=\"http:\/\/www.mycobulle.ch\/\" target=\"_blank\" rel=\"noopener\"><span style=\"font-family: Helvetica, Arial, sans-serif; text-decoration: underline; color: #333333;\">http:\/\/www.mycobulle.ch\/<\/span><\/a><\/span><\/strong><\/span><br \/>\n<span style=\"color: #333333;\"> <strong><span style=\"text-decoration: underline;\">\u00a0<\/span><\/strong><\/span><br \/>\n<span style=\"color: #333333;\"> <strong><span style=\"text-decoration: underline;\"><span style=\"font-family: Helvetica,Arial,sans-serif;\">Soci\u00e9t\u00e9 fribourgeoise de Mycologie<\/span><\/span><\/strong><\/span><br \/>\n<span style=\"color: #333333;\"> <strong><span style=\"text-decoration: underline;\"><a href=\"http:\/\/www.mycofr.ch\/\" target=\"_blank\" rel=\"noopener\"><span style=\"font-family: Helvetica, Arial, sans-serif; text-decoration: underline; color: #333333;\">http:\/\/www.mycofr.ch\/<\/span><\/a><\/span><\/strong><\/span><br \/>\n<span style=\"color: #333333;\"> <strong><span style=\"text-decoration: underline;\">\u00a0<\/span><\/strong><\/span><br \/>\n<span style=\"color: #333333;\"> <strong><span style=\"text-decoration: underline;\"><span style=\"font-family: Helvetica, Arial, sans-serif;\">Atlas de la flore vaudoise<\/span><\/span><\/strong><\/span><br \/>\n<span style=\"color: #333333;\"> <strong><span style=\"text-decoration: underline;\"><a href=\"http:\/\/www.atlasflorevd.ch\/\" target=\"_blank\" rel=\"noopener\"><span style=\"font-family: Helvetica, Arial, sans-serif; text-decoration: underline; color: #333333;\">http:\/\/www.atlasflorevd.ch<\/span><\/a><\/span><\/strong><\/span><br \/>\n<span style=\"color: #333333;\"> <strong><span style=\"text-decoration: underline;\">\u00a0<\/span><\/strong><\/span><br \/>\n<span style=\"color: #333333;\"> <strong><span style=\"text-decoration: underline;\"><span style=\"font-family: Helvetica, Arial, sans-serif;\">Cercle vaudois de botanique<\/span><\/span><\/strong><\/span><br \/>\n<a href=\"http:\/\/cvbot.ch\" target=\"_blank\" rel=\"noopener\"><span style=\"color: #333333;\"> <strong><span style=\"text-decoration: underline;\"><span style=\"font-family: Helvetica, Arial, sans-serif;\">http:\/\/cvbot.ch<\/span><\/span><\/strong><\/span><\/a><br \/>\n<span style=\"color: #333333;\"> <strong><span style=\"text-decoration: underline;\">\u00a0<\/span><\/strong><\/span><br \/>\n<span style=\"color: #333333;\"> <strong><span style=\"text-decoration: underline;\"><span style=\"caret-color: #0000ff;\">Soci\u00e9t\u00e9 mycologique du Pied du Jura<\/span><\/span><\/strong><\/span><br \/>\n<span style=\"color: #333333;\"> <strong><span style=\"text-decoration: underline;\"><a href=\"https:\/\/www.mycopdj.ch\/\" target=\"_blank\" rel=\"noopener\"><span style=\"color: #333333; text-decoration: underline;\">https:\/\/www.mycopdj.ch\/<\/span><\/a><\/span><\/strong><\/span><br \/>\n<span style=\"color: #333333;\"> <strong><span style=\"text-decoration: underline;\">\u00a0<\/span><\/strong><\/span><br \/>\n<span style=\"color: #333333;\"> <strong><span style=\"text-decoration: underline;\">Union vaudoise des soci\u00e9t\u00e9s de mycologie<\/span><\/strong><\/span><br \/>\n<a href=\"https:\/\/www.uvsm.ch\/\" target=\"_blank\" rel=\"noopener\"><span style=\"color: #333333;\"> <strong><span style=\"text-decoration: underline;\"><span style=\"color: #333333; text-decoration: underline;\">https:\/\/www.uvsm.ch\/<\/span><\/span><\/strong><\/span><\/a><\/p>\n<p><span style=\"color: #333333;\"> <strong><span style=\"text-decoration: underline;\"><span style=\"color: #333333; text-decoration: underline;\">S<\/span>oci\u00e9t\u00e9 mycologique de Gen\u00e8ve<\/span><\/strong><\/span><br \/>\n<span style=\"color: #333333;\"> <strong><span style=\"text-decoration: underline;\"><a href=\"https:\/\/champignons-geneve.ch\/\" target=\"_blank\" rel=\"noopener\"><span style=\"color: #333333; text-decoration: underline;\">https:\/\/champignons-geneve.ch\/<\/span><\/a><\/span><\/strong><\/span><\/p>\n<p style=\"text-align: left;\"><span style=\"color: #333333;\"><strong>Bureau des Rangers<\/strong><\/span><br \/>\n<a href=\"https:\/\/bureaudesrangers.ch\/\" target=\"_blank\" rel=\"noopener\"><span style=\"color: #333333;\">\u00a0<strong><span style=\"color: #333333;\">https:\/\/bureaudesrangers.ch\/<\/span><\/strong><\/span><\/a><\/p>\n<\/div>","protected":false},"excerpt":{"rendered":"<p>[vc_row][vc_column][vc_column_text] Soci\u00e9t\u00e9 mycologique vaudoise, Lausanne http:\/\/www.myco-vaud.ch\/ \u00a0 Soci\u00e9t\u00e9 mycologique du Jorat http:\/\/www.myco-du-jorat.ch\/home \u00a0 Soci\u00e9t\u00e9 mycologique du Nord Vaudois, Yverdon http:\/\/www.smnv.ch\/ \u00a0 Soci\u00e9t\u00e9 mycologique La Chanterelle, Ville-la-Grand (France) http:\/\/www.francini-mycologie.fr\/index.html \u00a0 Soci\u00e9t\u00e9 mycologique des montagnes neuchateloises http:\/\/www.smmn.ch\/index.html \u00a0 Union suisse des soci\u00e9t\u00e9s mycologiques http:\/\/www.vsvp.com\/fra\/ussm\/index.html \u00a0 Association Cantonale&#8230;<\/p>\n","protected":false},"author":1,"featured_media":0,"parent":0,"menu_order":0,"comment_status":"open","ping_status":"open","template":"","meta":{"footnotes":""},"class_list":["post-14","page","type-page","status-publish","hentry"],"yoast_head":"<!-- This site is optimized with the Yoast SEO plugin v26.9 - https:\/\/yoast.com\/product\/yoast-seo-wordpress\/ -->\n<title>Liens - MycoLaCote<\/title>\n<meta name=\"robots\" content=\"index, follow, max-snippet:-1, max-image-preview:large, max-video-preview:-1\" \/>\n<link rel=\"canonical\" href=\"https:\/\/mycolacote.ch\/?page_id=14\" \/>\n<meta property=\"og:locale\" content=\"fr_FR\" \/>\n<meta property=\"og:type\" content=\"article\" \/>\n<meta property=\"og:title\" content=\"Liens - MycoLaCote\" \/>\n<meta property=\"og:description\" content=\"[vc_row][vc_column][vc_column_text] Soci\u00e9t\u00e9 mycologique vaudoise, Lausanne http:\/\/www.myco-vaud.ch\/ \u00a0 Soci\u00e9t\u00e9 mycologique du Jorat http:\/\/www.myco-du-jorat.ch\/home \u00a0 Soci\u00e9t\u00e9 mycologique du Nord Vaudois, Yverdon http:\/\/www.smnv.ch\/ \u00a0 Soci\u00e9t\u00e9 mycologique La Chanterelle, Ville-la-Grand (France) http:\/\/www.francini-mycologie.fr\/index.html \u00a0 Soci\u00e9t\u00e9 mycologique des montagnes neuchateloises http:\/\/www.smmn.ch\/index.html \u00a0 Union suisse des soci\u00e9t\u00e9s mycologiques http:\/\/www.vsvp.com\/fra\/ussm\/index.html \u00a0 Association Cantonale...\" \/>\n<meta property=\"og:url\" content=\"https:\/\/mycolacote.ch\/?page_id=14\" \/>\n<meta property=\"og:site_name\" content=\"MycoLaCote\" \/>\n<meta property=\"article:modified_time\" content=\"2026-01-28T15:12:02+00:00\" \/>\n<meta name=\"twitter:card\" content=\"summary_large_image\" \/>\n<meta name=\"twitter:label1\" content=\"Dur\u00e9e de lecture estim\u00e9e\" \/>\n\t<meta name=\"twitter:data1\" content=\"1 minute\" \/>\n<script type=\"application\/ld+json\" class=\"yoast-schema-graph\">{\"@context\":\"https:\/\/schema.org\",\"@graph\":[{\"@type\":\"WebPage\",\"@id\":\"https:\/\/mycolacote.ch\/?page_id=14\",\"url\":\"https:\/\/mycolacote.ch\/?page_id=14\",\"name\":\"Liens - MycoLaCote\",\"isPartOf\":{\"@id\":\"https:\/\/mycolacote.ch\/#website\"},\"datePublished\":\"2014-01-02T15:13:51+00:00\",\"dateModified\":\"2026-01-28T15:12:02+00:00\",\"breadcrumb\":{\"@id\":\"https:\/\/mycolacote.ch\/?page_id=14#breadcrumb\"},\"inLanguage\":\"fr-FR\",\"potentialAction\":[{\"@type\":\"ReadAction\",\"target\":[\"https:\/\/mycolacote.ch\/?page_id=14\"]}]},{\"@type\":\"BreadcrumbList\",\"@id\":\"https:\/\/mycolacote.ch\/?page_id=14#breadcrumb\",\"itemListElement\":[{\"@type\":\"ListItem\",\"position\":1,\"name\":\"Home\",\"item\":\"https:\/\/mycolacote.ch\/\"},{\"@type\":\"ListItem\",\"position\":2,\"name\":\"Liens\"}]},{\"@type\":\"WebSite\",\"@id\":\"https:\/\/mycolacote.ch\/#website\",\"url\":\"https:\/\/mycolacote.ch\/\",\"name\":\"Myco La Cote\",\"description\":\"Soci\u00e9t\u00e9 Mycologique de La C\u00f4te - Suisse\",\"publisher\":{\"@id\":\"https:\/\/mycolacote.ch\/#organization\"},\"potentialAction\":[{\"@type\":\"SearchAction\",\"target\":{\"@type\":\"EntryPoint\",\"urlTemplate\":\"https:\/\/mycolacote.ch\/?s={search_term_string}\"},\"query-input\":{\"@type\":\"PropertyValueSpecification\",\"valueRequired\":true,\"valueName\":\"search_term_string\"}}],\"inLanguage\":\"fr-FR\"},{\"@type\":\"Organization\",\"@id\":\"https:\/\/mycolacote.ch\/#organization\",\"name\":\"Soci\u00e9t\u00e9 Mycologique de la Cote\",\"url\":\"https:\/\/mycolacote.ch\/\",\"logo\":{\"@type\":\"ImageObject\",\"inLanguage\":\"fr-FR\",\"@id\":\"https:\/\/mycolacote.ch\/#\/schema\/logo\/image\/\",\"url\":\"https:\/\/mycolacote.ch\/wp-content\/uploads\/2026\/02\/MycoLaCote-logo_black.png\",\"contentUrl\":\"https:\/\/mycolacote.ch\/wp-content\/uploads\/2026\/02\/MycoLaCote-logo_black.png\",\"width\":444,\"height\":137,\"caption\":\"Soci\u00e9t\u00e9 Mycologique de la Cote\"},\"image\":{\"@id\":\"https:\/\/mycolacote.ch\/#\/schema\/logo\/image\/\"}}]}<\/script>\n<!-- \/ Yoast SEO plugin. -->","yoast_head_json":{"title":"Liens - MycoLaCote","robots":{"index":"index","follow":"follow","max-snippet":"max-snippet:-1","max-image-preview":"max-image-preview:large","max-video-preview":"max-video-preview:-1"},"canonical":"https:\/\/mycolacote.ch\/?page_id=14","og_locale":"fr_FR","og_type":"article","og_title":"Liens - MycoLaCote","og_description":"[vc_row][vc_column][vc_column_text] Soci\u00e9t\u00e9 mycologique vaudoise, Lausanne http:\/\/www.myco-vaud.ch\/ \u00a0 Soci\u00e9t\u00e9 mycologique du Jorat http:\/\/www.myco-du-jorat.ch\/home \u00a0 Soci\u00e9t\u00e9 mycologique du Nord Vaudois, Yverdon http:\/\/www.smnv.ch\/ \u00a0 Soci\u00e9t\u00e9 mycologique La Chanterelle, Ville-la-Grand (France) http:\/\/www.francini-mycologie.fr\/index.html \u00a0 Soci\u00e9t\u00e9 mycologique des montagnes neuchateloises http:\/\/www.smmn.ch\/index.html \u00a0 Union suisse des soci\u00e9t\u00e9s mycologiques http:\/\/www.vsvp.com\/fra\/ussm\/index.html \u00a0 Association Cantonale...","og_url":"https:\/\/mycolacote.ch\/?page_id=14","og_site_name":"MycoLaCote","article_modified_time":"2026-01-28T15:12:02+00:00","twitter_card":"summary_large_image","twitter_misc":{"Dur\u00e9e de lecture estim\u00e9e":"1 minute"},"schema":{"@context":"https:\/\/schema.org","@graph":[{"@type":"WebPage","@id":"https:\/\/mycolacote.ch\/?page_id=14","url":"https:\/\/mycolacote.ch\/?page_id=14","name":"Liens - MycoLaCote","isPartOf":{"@id":"https:\/\/mycolacote.ch\/#website"},"datePublished":"2014-01-02T15:13:51+00:00","dateModified":"2026-01-28T15:12:02+00:00","breadcrumb":{"@id":"https:\/\/mycolacote.ch\/?page_id=14#breadcrumb"},"inLanguage":"fr-FR","potentialAction":[{"@type":"ReadAction","target":["https:\/\/mycolacote.ch\/?page_id=14"]}]},{"@type":"BreadcrumbList","@id":"https:\/\/mycolacote.ch\/?page_id=14#breadcrumb","itemListElement":[{"@type":"ListItem","position":1,"name":"Home","item":"https:\/\/mycolacote.ch\/"},{"@type":"ListItem","position":2,"name":"Liens"}]},{"@type":"WebSite","@id":"https:\/\/mycolacote.ch\/#website","url":"https:\/\/mycolacote.ch\/","name":"Myco La Cote","description":"Soci\u00e9t\u00e9 Mycologique de La C\u00f4te - Suisse","publisher":{"@id":"https:\/\/mycolacote.ch\/#organization"},"potentialAction":[{"@type":"SearchAction","target":{"@type":"EntryPoint","urlTemplate":"https:\/\/mycolacote.ch\/?s={search_term_string}"},"query-input":{"@type":"PropertyValueSpecification","valueRequired":true,"valueName":"search_term_string"}}],"inLanguage":"fr-FR"},{"@type":"Organization","@id":"https:\/\/mycolacote.ch\/#organization","name":"Soci\u00e9t\u00e9 Mycologique de la Cote","url":"https:\/\/mycolacote.ch\/","logo":{"@type":"ImageObject","inLanguage":"fr-FR","@id":"https:\/\/mycolacote.ch\/#\/schema\/logo\/image\/","url":"https:\/\/mycolacote.ch\/wp-content\/uploads\/2026\/02\/MycoLaCote-logo_black.png","contentUrl":"https:\/\/mycolacote.ch\/wp-content\/uploads\/2026\/02\/MycoLaCote-logo_black.png","width":444,"height":137,"caption":"Soci\u00e9t\u00e9 Mycologique de la Cote"},"image":{"@id":"https:\/\/mycolacote.ch\/#\/schema\/logo\/image\/"}}]}},"_links":{"self":[{"href":"https:\/\/mycolacote.ch\/index.php?rest_route=\/wp\/v2\/pages\/14","targetHints":{"allow":["GET"]}}],"collection":[{"href":"https:\/\/mycolacote.ch\/index.php?rest_route=\/wp\/v2\/pages"}],"about":[{"href":"https:\/\/mycolacote.ch\/index.php?rest_route=\/wp\/v2\/types\/page"}],"author":[{"embeddable":true,"href":"https:\/\/mycolacote.ch\/index.php?rest_route=\/wp\/v2\/users\/1"}],"replies":[{"embeddable":true,"href":"https:\/\/mycolacote.ch\/index.php?rest_route=%2Fwp%2Fv2%2Fcomments&post=14"}],"version-history":[{"count":27,"href":"https:\/\/mycolacote.ch\/index.php?rest_route=\/wp\/v2\/pages\/14\/revisions"}],"predecessor-version":[{"id":8742,"href":"https:\/\/mycolacote.ch\/index.php?rest_route=\/wp\/v2\/pages\/14\/revisions\/8742"}],"wp:attachment":[{"href":"https:\/\/mycolacote.ch\/index.php?rest_route=%2Fwp%2Fv2%2Fmedia&parent=14"}],"curies":[{"name":"wp","href":"https:\/\/api.w.org\/{rel}","templated":true}]}}