{"id":16,"date":"2014-01-02T16:14:08","date_gmt":"2014-01-02T15:14:08","guid":{"rendered":"http:\/\/mycolacote.ch\/?page_id=16"},"modified":"2025-03-23T16:23:49","modified_gmt":"2025-03-23T15:23:49","slug":"contact","status":"publish","type":"page","link":"https:\/\/mycolacote.ch\/?page_id=16","title":{"rendered":"Contact"},"content":{"rendered":"<div class=\"wpb-content-wrapper\">[vc_row][vc_column width=\u00a0\u00bb1\/3&Prime;][vc_column_text]<strong>Pr\u00e9sident:<br \/>\n<\/strong>Bernard Desponds<br \/>\nRue de la Combe 6<br \/>\nCH \u2013 1196 Gland<br \/>\n022 364 34 53 \/ 079 871 00 02<\/p>\n<p><span style=\"color: #0000ff;\"><span style=\"text-decoration: underline;\"><a href=\"mailto:dollybus13@gmail.com\"><span style=\"color: #0000ff; text-decoration: underline;\">b<\/span><\/a>ldesponds@bluewin.ch<\/span><\/span><\/p>\n<p>&nbsp;<\/p>\n<p><strong>Secr\u00e9taire:<br \/>\n<\/strong>Alice Houlmann<br \/>\nChemin du Risoux 8<br \/>\nCH \u2013 1110 Morges<br \/>\n079 103 50 07<\/p>\n<p><span style=\"text-decoration: underline; color: #0000ff;\"><span style=\"text-decoration: underline;\">alice.houlmann@hotmail.com<\/span><\/span><\/p>\n<address>\u00a0<\/address>\n[\/vc_column_text][\/vc_column][vc_column width=\u00a0\u00bb1\/3&Prime;][vc_column_text]<strong style=\"line-height: 1.5em;\">Tr\u00e9sori\u00e8re:<br \/>\n<\/strong>Dolores Bustini<br \/>\n<span style=\"line-height: 1.5em;\">Vy-Creuse 37<br \/>\n<\/span><span style=\"line-height: 1.5em;\">CH \u2013 1196 Gland<br \/>\n<\/span><span style=\"line-height: 1.5em;\">022 364 26 04 \/ 079 713 09 43<br \/>\n<\/span><\/p>\n<p><span style=\"text-decoration: underline;\"><span style=\"color: #0000ff;\"><a href=\"mailto:dollybus13@gmail.com\"><span style=\"color: #0000ff; text-decoration: underline;\">dollybus13@gmail.com<\/span><\/a><\/span><\/span><\/p>\n<p>&nbsp;<\/p>\n<p><strong>Commission d&rsquo;\u00e9tude:<br \/>\n<\/strong>Th\u00e9o Vassiloudis<br \/>\nRoute de Ch\u00e2tel 13<br \/>\nCH \u2013 1272 Genolier<br \/>\n022 364 26 47 \/ 078 861 03 96<\/p>\n<p><span style=\"color: #0000ff;\"><span style=\"text-decoration: underline;\"><span style=\"text-decoration: underline;\"><a href=\"mailto:m.glausen@bluewin.ch\"><span style=\"color: #0000ff; text-decoration: underline;\">theo.vassiloudis@span.ch<\/span><\/a><\/span><\/span><\/span>[\/vc_column_text][\/vc_column][vc_column width=\u00a0\u00bb1\/3&Prime;][vc_column_text]<strong>Biblioth\u00e9caire:<br \/>\n<\/strong>Marie-Lise Bezen\u00e7on<br \/>\nCh. des Tines 14<br \/>\nCH \u2013 1260 Nyon<br \/>\n022 361 91 04 \/ 079 473 88 33<\/p>\n<p><span style=\"text-decoration: underline;\"><span style=\"color: #0000ff;\"><a href=\"mailto:mlise.bezencon@bluewin.ch\"><span style=\"color: #0000ff; text-decoration: underline;\">mlise.bezencon@bluewin.ch<\/span><\/a><\/span><\/span>[\/vc_column_text][\/vc_column][\/vc_row][vc_row][vc_column width=\u00a0\u00bb1\/1&Prime;][vc_separator type=\u00a0\u00bbtransparent\u00a0\u00bb position=\u00a0\u00bbcenter\u00a0\u00bb][\/vc_column][\/vc_row]\n<\/div>","protected":false},"excerpt":{"rendered":"<p>[vc_row][vc_column width=\u00a0\u00bb1\/3&Prime;][vc_column_text]Pr\u00e9sident: Bernard Desponds Rue de la Combe 6 CH \u2013 1196 Gland 022 364 34 53 \/ 079 871 00 02 bldesponds@bluewin.ch &nbsp; Secr\u00e9taire: Alice Houlmann Chemin du Risoux 8 CH \u2013 1110 Morges 079 103 50 07 alice.houlmann@hotmail.com \u00a0 [\/vc_column_text][\/vc_column][vc_column width=\u00a0\u00bb1\/3&Prime;][vc_column_text]Tr\u00e9sori\u00e8re: Dolores Bustini&#8230;<\/p>\n","protected":false},"author":1,"featured_media":0,"parent":0,"menu_order":0,"comment_status":"open","ping_status":"open","template":"","meta":{"footnotes":""},"class_list":["post-16","page","type-page","status-publish","hentry"],"yoast_head":"<!-- This site is optimized with the Yoast SEO plugin v26.9 - https:\/\/yoast.com\/product\/yoast-seo-wordpress\/ -->\n<title>Contact - MycoLaCote<\/title>\n<meta name=\"robots\" content=\"index, follow, max-snippet:-1, max-image-preview:large, max-video-preview:-1\" \/>\n<link rel=\"canonical\" href=\"https:\/\/mycolacote.ch\/?page_id=16\" \/>\n<meta property=\"og:locale\" content=\"fr_FR\" \/>\n<meta property=\"og:type\" content=\"article\" \/>\n<meta property=\"og:title\" content=\"Contact - MycoLaCote\" \/>\n<meta property=\"og:description\" content=\"[vc_row][vc_column width=\u00a0\u00bb1\/3&Prime;][vc_column_text]Pr\u00e9sident: Bernard Desponds Rue de la Combe 6 CH \u2013 1196 Gland 022 364 34 53 \/ 079 871 00 02 bldesponds@bluewin.ch &nbsp; Secr\u00e9taire: Alice Houlmann Chemin du Risoux 8 CH \u2013 1110 Morges 079 103 50 07 alice.houlmann@hotmail.com \u00a0 [\/vc_column_text][\/vc_column][vc_column width=\u00a0\u00bb1\/3&Prime;][vc_column_text]Tr\u00e9sori\u00e8re: Dolores Bustini...\" \/>\n<meta property=\"og:url\" content=\"https:\/\/mycolacote.ch\/?page_id=16\" \/>\n<meta property=\"og:site_name\" content=\"MycoLaCote\" \/>\n<meta property=\"article:modified_time\" content=\"2025-03-23T15:23:49+00:00\" \/>\n<meta name=\"twitter:card\" content=\"summary_large_image\" \/>\n<meta name=\"twitter:label1\" content=\"Dur\u00e9e de lecture estim\u00e9e\" \/>\n\t<meta name=\"twitter:data1\" content=\"1 minute\" \/>\n<script type=\"application\/ld+json\" class=\"yoast-schema-graph\">{\"@context\":\"https:\/\/schema.org\",\"@graph\":[{\"@type\":\"WebPage\",\"@id\":\"https:\/\/mycolacote.ch\/?page_id=16\",\"url\":\"https:\/\/mycolacote.ch\/?page_id=16\",\"name\":\"Contact - MycoLaCote\",\"isPartOf\":{\"@id\":\"https:\/\/mycolacote.ch\/#website\"},\"datePublished\":\"2014-01-02T15:14:08+00:00\",\"dateModified\":\"2025-03-23T15:23:49+00:00\",\"breadcrumb\":{\"@id\":\"https:\/\/mycolacote.ch\/?page_id=16#breadcrumb\"},\"inLanguage\":\"fr-FR\",\"potentialAction\":[{\"@type\":\"ReadAction\",\"target\":[\"https:\/\/mycolacote.ch\/?page_id=16\"]}]},{\"@type\":\"BreadcrumbList\",\"@id\":\"https:\/\/mycolacote.ch\/?page_id=16#breadcrumb\",\"itemListElement\":[{\"@type\":\"ListItem\",\"position\":1,\"name\":\"Home\",\"item\":\"https:\/\/mycolacote.ch\/\"},{\"@type\":\"ListItem\",\"position\":2,\"name\":\"Contact\"}]},{\"@type\":\"WebSite\",\"@id\":\"https:\/\/mycolacote.ch\/#website\",\"url\":\"https:\/\/mycolacote.ch\/\",\"name\":\"Myco La Cote\",\"description\":\"Soci\u00e9t\u00e9 Mycologique de La C\u00f4te - Suisse\",\"publisher\":{\"@id\":\"https:\/\/mycolacote.ch\/#organization\"},\"potentialAction\":[{\"@type\":\"SearchAction\",\"target\":{\"@type\":\"EntryPoint\",\"urlTemplate\":\"https:\/\/mycolacote.ch\/?s={search_term_string}\"},\"query-input\":{\"@type\":\"PropertyValueSpecification\",\"valueRequired\":true,\"valueName\":\"search_term_string\"}}],\"inLanguage\":\"fr-FR\"},{\"@type\":\"Organization\",\"@id\":\"https:\/\/mycolacote.ch\/#organization\",\"name\":\"Soci\u00e9t\u00e9 Mycologique de la Cote\",\"url\":\"https:\/\/mycolacote.ch\/\",\"logo\":{\"@type\":\"ImageObject\",\"inLanguage\":\"fr-FR\",\"@id\":\"https:\/\/mycolacote.ch\/#\/schema\/logo\/image\/\",\"url\":\"https:\/\/mycolacote.ch\/wp-content\/uploads\/2026\/02\/MycoLaCote-logo_black.png\",\"contentUrl\":\"https:\/\/mycolacote.ch\/wp-content\/uploads\/2026\/02\/MycoLaCote-logo_black.png\",\"width\":444,\"height\":137,\"caption\":\"Soci\u00e9t\u00e9 Mycologique de la Cote\"},\"image\":{\"@id\":\"https:\/\/mycolacote.ch\/#\/schema\/logo\/image\/\"}}]}<\/script>\n<!-- \/ Yoast SEO plugin. -->","yoast_head_json":{"title":"Contact - MycoLaCote","robots":{"index":"index","follow":"follow","max-snippet":"max-snippet:-1","max-image-preview":"max-image-preview:large","max-video-preview":"max-video-preview:-1"},"canonical":"https:\/\/mycolacote.ch\/?page_id=16","og_locale":"fr_FR","og_type":"article","og_title":"Contact - MycoLaCote","og_description":"[vc_row][vc_column width=\u00a0\u00bb1\/3&Prime;][vc_column_text]Pr\u00e9sident: Bernard Desponds Rue de la Combe 6 CH \u2013 1196 Gland 022 364 34 53 \/ 079 871 00 02 bldesponds@bluewin.ch &nbsp; Secr\u00e9taire: Alice Houlmann Chemin du Risoux 8 CH \u2013 1110 Morges 079 103 50 07 alice.houlmann@hotmail.com \u00a0 [\/vc_column_text][\/vc_column][vc_column width=\u00a0\u00bb1\/3&Prime;][vc_column_text]Tr\u00e9sori\u00e8re: Dolores Bustini...","og_url":"https:\/\/mycolacote.ch\/?page_id=16","og_site_name":"MycoLaCote","article_modified_time":"2025-03-23T15:23:49+00:00","twitter_card":"summary_large_image","twitter_misc":{"Dur\u00e9e de lecture estim\u00e9e":"1 minute"},"schema":{"@context":"https:\/\/schema.org","@graph":[{"@type":"WebPage","@id":"https:\/\/mycolacote.ch\/?page_id=16","url":"https:\/\/mycolacote.ch\/?page_id=16","name":"Contact - MycoLaCote","isPartOf":{"@id":"https:\/\/mycolacote.ch\/#website"},"datePublished":"2014-01-02T15:14:08+00:00","dateModified":"2025-03-23T15:23:49+00:00","breadcrumb":{"@id":"https:\/\/mycolacote.ch\/?page_id=16#breadcrumb"},"inLanguage":"fr-FR","potentialAction":[{"@type":"ReadAction","target":["https:\/\/mycolacote.ch\/?page_id=16"]}]},{"@type":"BreadcrumbList","@id":"https:\/\/mycolacote.ch\/?page_id=16#breadcrumb","itemListElement":[{"@type":"ListItem","position":1,"name":"Home","item":"https:\/\/mycolacote.ch\/"},{"@type":"ListItem","position":2,"name":"Contact"}]},{"@type":"WebSite","@id":"https:\/\/mycolacote.ch\/#website","url":"https:\/\/mycolacote.ch\/","name":"Myco La Cote","description":"Soci\u00e9t\u00e9 Mycologique de La C\u00f4te - Suisse","publisher":{"@id":"https:\/\/mycolacote.ch\/#organization"},"potentialAction":[{"@type":"SearchAction","target":{"@type":"EntryPoint","urlTemplate":"https:\/\/mycolacote.ch\/?s={search_term_string}"},"query-input":{"@type":"PropertyValueSpecification","valueRequired":true,"valueName":"search_term_string"}}],"inLanguage":"fr-FR"},{"@type":"Organization","@id":"https:\/\/mycolacote.ch\/#organization","name":"Soci\u00e9t\u00e9 Mycologique de la Cote","url":"https:\/\/mycolacote.ch\/","logo":{"@type":"ImageObject","inLanguage":"fr-FR","@id":"https:\/\/mycolacote.ch\/#\/schema\/logo\/image\/","url":"https:\/\/mycolacote.ch\/wp-content\/uploads\/2026\/02\/MycoLaCote-logo_black.png","contentUrl":"https:\/\/mycolacote.ch\/wp-content\/uploads\/2026\/02\/MycoLaCote-logo_black.png","width":444,"height":137,"caption":"Soci\u00e9t\u00e9 Mycologique de la Cote"},"image":{"@id":"https:\/\/mycolacote.ch\/#\/schema\/logo\/image\/"}}]}},"_links":{"self":[{"href":"https:\/\/mycolacote.ch\/index.php?rest_route=\/wp\/v2\/pages\/16","targetHints":{"allow":["GET"]}}],"collection":[{"href":"https:\/\/mycolacote.ch\/index.php?rest_route=\/wp\/v2\/pages"}],"about":[{"href":"https:\/\/mycolacote.ch\/index.php?rest_route=\/wp\/v2\/types\/page"}],"author":[{"embeddable":true,"href":"https:\/\/mycolacote.ch\/index.php?rest_route=\/wp\/v2\/users\/1"}],"replies":[{"embeddable":true,"href":"https:\/\/mycolacote.ch\/index.php?rest_route=%2Fwp%2Fv2%2Fcomments&post=16"}],"version-history":[{"count":17,"href":"https:\/\/mycolacote.ch\/index.php?rest_route=\/wp\/v2\/pages\/16\/revisions"}],"predecessor-version":[{"id":8448,"href":"https:\/\/mycolacote.ch\/index.php?rest_route=\/wp\/v2\/pages\/16\/revisions\/8448"}],"wp:attachment":[{"href":"https:\/\/mycolacote.ch\/index.php?rest_route=%2Fwp%2Fv2%2Fmedia&parent=16"}],"curies":[{"name":"wp","href":"https:\/\/api.w.org\/{rel}","templated":true}]}}