{"id":6521,"date":"2013-12-11T19:29:27","date_gmt":"2013-12-11T19:29:27","guid":{"rendered":"http:\/\/demo.qodeinteractive.com\/elision\/?page_id=6521"},"modified":"2014-07-15T16:44:58","modified_gmt":"2014-07-15T15:44:58","slug":"fixed-height-slider-home","status":"publish","type":"page","link":"https:\/\/mycolacote.ch\/","title":{"rendered":"Home Myco"},"content":{"rendered":"<div class=\"wpb-content-wrapper\">[vc_row row_type=\u00a0\u00bbsection\u00a0\u00bb type=\u00a0\u00bbgrid\u00a0\u00bb text_align=\u00a0\u00bbleft\u00a0\u00bb background_color=\u00a0\u00bb#f6f6f6&Prime; padding_top=\u00a0\u00bb80&Prime; padding_bottom=\u00a0\u00bb80&Prime;][vc_column width=\u00a0\u00bb1\/1&Prime;][vc_row_inner][vc_column_inner width=\u00a0\u00bb1\/4&Prime;][vc_separator type=\u00a0\u00bbtransparent\u00a0\u00bb position=\u00a0\u00bbcenter\u00a0\u00bb up=\u00a0\u00bb15&Prime; down=\u00a0\u00bb15&Prime;][\/vc_column_inner][vc_column_inner width=\u00a0\u00bb3\/4&Prime;][vc_column_text]\n<h3>Bienvenue<\/h3>\n[\/vc_column_text][vc_column_text]La soci\u00e9t\u00e9 mycologique de la C\u00f4te a pour but de faire conna\u00eetre les champignons\u00a0dans leurs milieux naturels et de mieux comprendre leur r\u00f4le dans l\u2019\u00e9cosyst\u00e8me et de d\u00e9couvrir les raisons qui les lient aux activit\u00e9s humaines.<br \/>\nLa botanique prend une place importante dans nos activit\u00e9s de terrain.<\/p>\n<p>Nous parvenons \u00e0 cet objectif par l\u2019\u00e9change et le partage des connaissances par la stimulation que la discussion et l\u2019observation apportent \u00e0 tout curieux\u00a0de nature.<\/p>\n<p>Nos activit\u00e9s sont rythm\u00e9es par une s\u00e9ance de d\u00e9termination le lundi soir et des sorties\u00a0en for\u00eat le samedi ou le dimanche.<\/p>\n<p>La soci\u00e9t\u00e9 est membre de l\u2019Union vaudoise des soci\u00e9t\u00e9s de mycologie (UVSM), de\u00a0l\u2019Union suisse des soci\u00e9t\u00e9s de mycologie (USSM), de la Soci\u00e9t\u00e9 vaudoise des sciences\u00a0naturelles et de ce fait, participe aux manifestations organis\u00e9es par ces organismes.<\/p>\n<p>Fond\u00e9e en 1969, \u00e0 Nyon, sous l\u2019impulsion de quelques passionn\u00e9s, notre soci\u00e9t\u00e9 est\u00a0plus que jamais active et dynamique.<\/p>\n<p>Chacune et chacun anim\u00e9 par la curiosit\u00e9 et le go\u00fbt d\u2019apprendre est bienvenu.[\/vc_column_text][vc_separator type=\u00a0\u00bbtransparent\u00a0\u00bb position=\u00a0\u00bbcenter\u00a0\u00bb up=\u00a0\u00bb12&Prime; down=\u00a0\u00bb12&Prime;][\/vc_column_inner][\/vc_row_inner][\/vc_column][\/vc_row]\n<\/div>","protected":false},"excerpt":{"rendered":"<p>[vc_row row_type=\u00a0\u00bbsection\u00a0\u00bb type=\u00a0\u00bbgrid\u00a0\u00bb text_align=\u00a0\u00bbleft\u00a0\u00bb background_color=\u00a0\u00bb#f6f6f6&Prime; padding_top=\u00a0\u00bb80&Prime; padding_bottom=\u00a0\u00bb80&Prime;][vc_column width=\u00a0\u00bb1\/1&Prime;][vc_row_inner][vc_column_inner width=\u00a0\u00bb1\/4&Prime;][vc_separator type=\u00a0\u00bbtransparent\u00a0\u00bb position=\u00a0\u00bbcenter\u00a0\u00bb up=\u00a0\u00bb15&Prime; down=\u00a0\u00bb15&Prime;][\/vc_column_inner][vc_column_inner width=\u00a0\u00bb3\/4&Prime;][vc_column_text] Bienvenue [\/vc_column_text][vc_column_text]La soci\u00e9t\u00e9 mycologique de la C\u00f4te a pour but de faire conna\u00eetre les champignons\u00a0dans leurs milieux naturels et de mieux comprendre leur r\u00f4le dans l\u2019\u00e9cosyst\u00e8me et de d\u00e9couvrir les raisons&#8230;<\/p>\n","protected":false},"author":1,"featured_media":0,"parent":0,"menu_order":0,"comment_status":"open","ping_status":"closed","template":"full_width.php","meta":{"footnotes":""},"class_list":["post-6521","page","type-page","status-publish","hentry"],"yoast_head":"<!-- This site is optimized with the Yoast SEO plugin v26.9 - https:\/\/yoast.com\/product\/yoast-seo-wordpress\/ -->\n<title>Home Myco - MycoLaCote<\/title>\n<meta name=\"robots\" content=\"index, follow, max-snippet:-1, max-image-preview:large, max-video-preview:-1\" \/>\n<link rel=\"canonical\" href=\"https:\/\/mycolacote.ch\/\" \/>\n<meta property=\"og:locale\" content=\"fr_FR\" \/>\n<meta property=\"og:type\" content=\"article\" \/>\n<meta property=\"og:title\" content=\"Home Myco - MycoLaCote\" \/>\n<meta property=\"og:description\" content=\"[vc_row row_type=\u00a0\u00bbsection\u00a0\u00bb type=\u00a0\u00bbgrid\u00a0\u00bb text_align=\u00a0\u00bbleft\u00a0\u00bb background_color=\u00a0\u00bb#f6f6f6&Prime; padding_top=\u00a0\u00bb80&Prime; padding_bottom=\u00a0\u00bb80&Prime;][vc_column width=\u00a0\u00bb1\/1&Prime;][vc_row_inner][vc_column_inner width=\u00a0\u00bb1\/4&Prime;][vc_separator type=\u00a0\u00bbtransparent\u00a0\u00bb position=\u00a0\u00bbcenter\u00a0\u00bb up=\u00a0\u00bb15&Prime; down=\u00a0\u00bb15&Prime;][\/vc_column_inner][vc_column_inner width=\u00a0\u00bb3\/4&Prime;][vc_column_text] Bienvenue [\/vc_column_text][vc_column_text]La soci\u00e9t\u00e9 mycologique de la C\u00f4te a pour but de faire conna\u00eetre les champignons\u00a0dans leurs milieux naturels et de mieux comprendre leur r\u00f4le dans l\u2019\u00e9cosyst\u00e8me et de d\u00e9couvrir les raisons...\" \/>\n<meta property=\"og:url\" content=\"https:\/\/mycolacote.ch\/\" \/>\n<meta property=\"og:site_name\" content=\"MycoLaCote\" \/>\n<meta property=\"article:modified_time\" content=\"2014-07-15T15:44:58+00:00\" \/>\n<meta name=\"twitter:card\" content=\"summary_large_image\" \/>\n<meta name=\"twitter:label1\" content=\"Dur\u00e9e de lecture estim\u00e9e\" \/>\n\t<meta name=\"twitter:data1\" content=\"1 minute\" \/>\n<script type=\"application\/ld+json\" class=\"yoast-schema-graph\">{\"@context\":\"https:\/\/schema.org\",\"@graph\":[{\"@type\":\"WebPage\",\"@id\":\"https:\/\/mycolacote.ch\/\",\"url\":\"https:\/\/mycolacote.ch\/\",\"name\":\"Home Myco - MycoLaCote\",\"isPartOf\":{\"@id\":\"https:\/\/mycolacote.ch\/#website\"},\"datePublished\":\"2013-12-11T19:29:27+00:00\",\"dateModified\":\"2014-07-15T15:44:58+00:00\",\"breadcrumb\":{\"@id\":\"https:\/\/mycolacote.ch\/#breadcrumb\"},\"inLanguage\":\"fr-FR\",\"potentialAction\":[{\"@type\":\"ReadAction\",\"target\":[\"https:\/\/mycolacote.ch\/\"]}]},{\"@type\":\"BreadcrumbList\",\"@id\":\"https:\/\/mycolacote.ch\/#breadcrumb\",\"itemListElement\":[{\"@type\":\"ListItem\",\"position\":1,\"name\":\"Home\",\"item\":\"https:\/\/mycolacote.ch\/\"},{\"@type\":\"ListItem\",\"position\":2,\"name\":\"Home Myco\"}]},{\"@type\":\"WebSite\",\"@id\":\"https:\/\/mycolacote.ch\/#website\",\"url\":\"https:\/\/mycolacote.ch\/\",\"name\":\"Myco La Cote\",\"description\":\"Soci\u00e9t\u00e9 Mycologique de La C\u00f4te - Suisse\",\"publisher\":{\"@id\":\"https:\/\/mycolacote.ch\/#organization\"},\"potentialAction\":[{\"@type\":\"SearchAction\",\"target\":{\"@type\":\"EntryPoint\",\"urlTemplate\":\"https:\/\/mycolacote.ch\/?s={search_term_string}\"},\"query-input\":{\"@type\":\"PropertyValueSpecification\",\"valueRequired\":true,\"valueName\":\"search_term_string\"}}],\"inLanguage\":\"fr-FR\"},{\"@type\":\"Organization\",\"@id\":\"https:\/\/mycolacote.ch\/#organization\",\"name\":\"Soci\u00e9t\u00e9 Mycologique de la Cote\",\"url\":\"https:\/\/mycolacote.ch\/\",\"logo\":{\"@type\":\"ImageObject\",\"inLanguage\":\"fr-FR\",\"@id\":\"https:\/\/mycolacote.ch\/#\/schema\/logo\/image\/\",\"url\":\"https:\/\/mycolacote.ch\/wp-content\/uploads\/2026\/02\/MycoLaCote-logo_black.png\",\"contentUrl\":\"https:\/\/mycolacote.ch\/wp-content\/uploads\/2026\/02\/MycoLaCote-logo_black.png\",\"width\":444,\"height\":137,\"caption\":\"Soci\u00e9t\u00e9 Mycologique de la Cote\"},\"image\":{\"@id\":\"https:\/\/mycolacote.ch\/#\/schema\/logo\/image\/\"}}]}<\/script>\n<!-- \/ Yoast SEO plugin. -->","yoast_head_json":{"title":"Home Myco - MycoLaCote","robots":{"index":"index","follow":"follow","max-snippet":"max-snippet:-1","max-image-preview":"max-image-preview:large","max-video-preview":"max-video-preview:-1"},"canonical":"https:\/\/mycolacote.ch\/","og_locale":"fr_FR","og_type":"article","og_title":"Home Myco - MycoLaCote","og_description":"[vc_row row_type=\u00a0\u00bbsection\u00a0\u00bb type=\u00a0\u00bbgrid\u00a0\u00bb text_align=\u00a0\u00bbleft\u00a0\u00bb background_color=\u00a0\u00bb#f6f6f6&Prime; padding_top=\u00a0\u00bb80&Prime; padding_bottom=\u00a0\u00bb80&Prime;][vc_column width=\u00a0\u00bb1\/1&Prime;][vc_row_inner][vc_column_inner width=\u00a0\u00bb1\/4&Prime;][vc_separator type=\u00a0\u00bbtransparent\u00a0\u00bb position=\u00a0\u00bbcenter\u00a0\u00bb up=\u00a0\u00bb15&Prime; down=\u00a0\u00bb15&Prime;][\/vc_column_inner][vc_column_inner width=\u00a0\u00bb3\/4&Prime;][vc_column_text] Bienvenue [\/vc_column_text][vc_column_text]La soci\u00e9t\u00e9 mycologique de la C\u00f4te a pour but de faire conna\u00eetre les champignons\u00a0dans leurs milieux naturels et de mieux comprendre leur r\u00f4le dans l\u2019\u00e9cosyst\u00e8me et de d\u00e9couvrir les raisons...","og_url":"https:\/\/mycolacote.ch\/","og_site_name":"MycoLaCote","article_modified_time":"2014-07-15T15:44:58+00:00","twitter_card":"summary_large_image","twitter_misc":{"Dur\u00e9e de lecture estim\u00e9e":"1 minute"},"schema":{"@context":"https:\/\/schema.org","@graph":[{"@type":"WebPage","@id":"https:\/\/mycolacote.ch\/","url":"https:\/\/mycolacote.ch\/","name":"Home Myco - MycoLaCote","isPartOf":{"@id":"https:\/\/mycolacote.ch\/#website"},"datePublished":"2013-12-11T19:29:27+00:00","dateModified":"2014-07-15T15:44:58+00:00","breadcrumb":{"@id":"https:\/\/mycolacote.ch\/#breadcrumb"},"inLanguage":"fr-FR","potentialAction":[{"@type":"ReadAction","target":["https:\/\/mycolacote.ch\/"]}]},{"@type":"BreadcrumbList","@id":"https:\/\/mycolacote.ch\/#breadcrumb","itemListElement":[{"@type":"ListItem","position":1,"name":"Home","item":"https:\/\/mycolacote.ch\/"},{"@type":"ListItem","position":2,"name":"Home Myco"}]},{"@type":"WebSite","@id":"https:\/\/mycolacote.ch\/#website","url":"https:\/\/mycolacote.ch\/","name":"Myco La Cote","description":"Soci\u00e9t\u00e9 Mycologique de La C\u00f4te - Suisse","publisher":{"@id":"https:\/\/mycolacote.ch\/#organization"},"potentialAction":[{"@type":"SearchAction","target":{"@type":"EntryPoint","urlTemplate":"https:\/\/mycolacote.ch\/?s={search_term_string}"},"query-input":{"@type":"PropertyValueSpecification","valueRequired":true,"valueName":"search_term_string"}}],"inLanguage":"fr-FR"},{"@type":"Organization","@id":"https:\/\/mycolacote.ch\/#organization","name":"Soci\u00e9t\u00e9 Mycologique de la Cote","url":"https:\/\/mycolacote.ch\/","logo":{"@type":"ImageObject","inLanguage":"fr-FR","@id":"https:\/\/mycolacote.ch\/#\/schema\/logo\/image\/","url":"https:\/\/mycolacote.ch\/wp-content\/uploads\/2026\/02\/MycoLaCote-logo_black.png","contentUrl":"https:\/\/mycolacote.ch\/wp-content\/uploads\/2026\/02\/MycoLaCote-logo_black.png","width":444,"height":137,"caption":"Soci\u00e9t\u00e9 Mycologique de la Cote"},"image":{"@id":"https:\/\/mycolacote.ch\/#\/schema\/logo\/image\/"}}]}},"_links":{"self":[{"href":"https:\/\/mycolacote.ch\/index.php?rest_route=\/wp\/v2\/pages\/6521","targetHints":{"allow":["GET"]}}],"collection":[{"href":"https:\/\/mycolacote.ch\/index.php?rest_route=\/wp\/v2\/pages"}],"about":[{"href":"https:\/\/mycolacote.ch\/index.php?rest_route=\/wp\/v2\/types\/page"}],"author":[{"embeddable":true,"href":"https:\/\/mycolacote.ch\/index.php?rest_route=\/wp\/v2\/users\/1"}],"replies":[{"embeddable":true,"href":"https:\/\/mycolacote.ch\/index.php?rest_route=%2Fwp%2Fv2%2Fcomments&post=6521"}],"version-history":[{"count":7,"href":"https:\/\/mycolacote.ch\/index.php?rest_route=\/wp\/v2\/pages\/6521\/revisions"}],"predecessor-version":[{"id":7426,"href":"https:\/\/mycolacote.ch\/index.php?rest_route=\/wp\/v2\/pages\/6521\/revisions\/7426"}],"wp:attachment":[{"href":"https:\/\/mycolacote.ch\/index.php?rest_route=%2Fwp%2Fv2%2Fmedia&parent=6521"}],"curies":[{"name":"wp","href":"https:\/\/api.w.org\/{rel}","templated":true}]}}